{"id":2455,"date":"2019-11-18T16:29:21","date_gmt":"2019-11-18T15:29:21","guid":{"rendered":"https:\/\/www.hotel-cafe-central.at\/?page_id=2455"},"modified":"2025-06-10T12:08:29","modified_gmt":"2025-06-10T10:08:29","slug":"jobs","status":"publish","type":"page","link":"https:\/\/www.hotel-cafe-central.at\/it\/jobs\/","title":{"rendered":"JOBS"},"content":{"rendered":"<p><div class=\"fusion-fullwidth fullwidth-box fusion-builder-row-1 nonhundred-percent-fullwidth non-hundred-percent-height-scrolling\" style=\"--awb-border-radius-top-left:0px;--awb-border-radius-top-right:0px;--awb-border-radius-bottom-right:0px;--awb-border-radius-bottom-left:0px;--awb-padding-top:0px;--awb-padding-right:2%;--awb-padding-bottom:0px;--awb-padding-left:2%;--awb-margin-top:0px;--awb-margin-bottom:0px;--awb-flex-wrap:wrap;\" ><div class=\"fusion-builder-row fusion-row\"><div class=\"fusion-layout-column fusion_builder_column fusion-builder-column-0 fusion_builder_column_1_1 1_1 fusion-one-full fusion-column-first fusion-column-last\" style=\"--awb-bg-size:cover;--awb-margin-bottom:0px;\"><div class=\"fusion-column-wrapper fusion-column-has-shadow fusion-flex-column-wrapper-legacy\"><div class=\"fusion-sep-clear\"><\/div><div class=\"fusion-separator fusion-full-width-sep\" style=\"margin-left: auto;margin-right: auto;margin-top:5%;width:100%;\"><\/div><div class=\"fusion-sep-clear\"><\/div><div class=\"fusion-text fusion-text-1\"><h1 style=\"font-size: 55px; text-align: center;\">FARE CARRIERA<br \/>\nNELL&#8217;HOTEL CAF\u00c9 CENTRAL<\/h1>\n<\/div><div class=\"fusion-sep-clear\"><\/div><div class=\"fusion-separator\" style=\"margin-left: auto;margin-right: auto;margin-top:1%;margin-bottom:3%;width:100%;max-width:30%;\"><div class=\"fusion-separator-border sep-single sep-solid\" style=\"--awb-height:20px;--awb-amount:20px;--awb-sep-color:#b49133;border-color:#b49133;border-top-width:1px;\"><\/div><\/div><div class=\"fusion-sep-clear\"><\/div><div class=\"fusion-text fusion-text-2\"><p style=\"text-align: center; font-size: 23px;\">Un hotel vale solo per quello che vale il suo staff. Per questo riponiamo grande valore nel personale. Gli alti standard qualitativi dell&#8217;Hotel Caf\u00e9 Central 4* offrono ottime opportunit\u00e0 professionali a chi cerca un&#8217;occupazione stabile nel turismo e voglia fare carriera con uno degli alberghi pi\u00f9 rinomati della citt\u00e0.<\/p>\n<\/div><div class=\"fusion-clearfix\"><\/div><\/div><\/div><div class=\"fusion-layout-column fusion_builder_column fusion-builder-column-1 fusion_builder_column_1_1 1_1 fusion-one-full fusion-column-first fusion-column-last\" style=\"--awb-bg-size:cover;\"><div class=\"fusion-column-wrapper fusion-column-has-shadow fusion-flex-column-wrapper-legacy\"><div class=\"fusion-text fusion-text-3\"><p style=\"text-align: center; font-size: 23px;\">Se vi interessa condividere con noi questi valori ed entrare a far parte del nostro staff mettendoci impegno e passione, inviate il vostro curriculum a:<\/p>\n<p style=\"text-align: center; font-size: 23px;\">Hotel Caf\u00e9 Central GmbH<br \/>\nz. Hd. Herrn Direktor Rainer Goldschald<br \/>\nGilmstrasse 5<br \/>\n6020 Innsbruck<br \/>\n<a title=\"manager@central.co.at\" href=\"mailto:manager@central.co.at\">direktion@central.co.at<\/a><\/p>\n<\/div><div class=\"fusion-clearfix\"><\/div><\/div><\/div><\/div><\/div><div class=\"fusion-fullwidth fullwidth-box fusion-builder-row-2 nonhundred-percent-fullwidth non-hundred-percent-height-scrolling\" style=\"--awb-border-radius-top-left:0px;--awb-border-radius-top-right:0px;--awb-border-radius-bottom-right:0px;--awb-border-radius-bottom-left:0px;--awb-padding-top:0px;--awb-padding-right:2%;--awb-padding-bottom:0px;--awb-padding-left:2%;--awb-margin-top:2%;--awb-margin-bottom:0px;--awb-flex-wrap:wrap;\" ><div class=\"fusion-builder-row fusion-row\"><div class=\"fusion-layout-column fusion_builder_column fusion-builder-column-2 fusion_builder_column_1_1 1_1 fusion-one-full fusion-column-first fusion-column-last\" style=\"--awb-bg-size:cover;--awb-margin-bottom:0px;\"><div class=\"fusion-column-wrapper fusion-column-has-shadow fusion-flex-column-wrapper-legacy\"><div class=\"fusion-text fusion-text-4\"><h2 style=\"font-size: 36px; text-align: center; color: rgb(230, 40, 54);\">POSTI DI LAVORO ATTUALI<\/h2>\n<\/div><div class=\"fusion-sep-clear\"><\/div><div class=\"fusion-separator fusion-full-width-sep\" style=\"margin-left: auto;margin-right: auto;margin-top:2%;width:100%;\"><\/div><div class=\"fusion-sep-clear\"><\/div><div class=\"fusion-clearfix\"><\/div><\/div><\/div><div class=\"fusion-layout-column fusion_builder_column fusion-builder-column-3 fusion_builder_column_1_1 1_1 fusion-one-full fusion-column-first fusion-column-last\" style=\"--awb-padding-top:5%;--awb-padding-right:5%;--awb-padding-bottom:2%;--awb-padding-left:5%;--awb-bg-color:#e2e0e0;--awb-bg-color-hover:#e2e0e0;--awb-bg-size:cover;--awb-margin-bottom:2%;\"><div class=\"fusion-column-wrapper fusion-column-has-shadow fusion-flex-column-wrapper-legacy\"><div class=\"fusion-builder-row fusion-builder-row-inner fusion-row\"><div class=\"fusion-layout-column fusion_builder_column_inner fusion-builder-nested-column-0 fusion_builder_column_inner_1_2 1_2 fusion-one-half fusion-column-first\" style=\"--awb-bg-size:cover;width:50%;width:calc(50% - ( ( 4% ) * 0.5 ) );margin-right: 4%;\"><div class=\"fusion-column-wrapper fusion-column-has-shadow fusion-flex-column-wrapper-legacy\"><div class=\"fusion-text fusion-text-5\"><h3 style=\"font-size: 36px; text-align: left; color: rgb(230, 40, 54);\">COMMIS DE RANG<\/h3>\n<\/div><div class=\"fusion-clearfix\"><\/div><\/div><\/div><div class=\"fusion-layout-column fusion_builder_column_inner fusion-builder-nested-column-1 fusion_builder_column_inner_1_2 1_2 fusion-one-half fusion-column-last\" style=\"--awb-bg-size:cover;width:50%;width:calc(50% - ( ( 4% ) * 0.5 ) );\"><div class=\"fusion-column-wrapper fusion-column-has-shadow fusion-flex-column-wrapper-legacy\"><div class=\"fusion-text fusion-text-6\"><p>Occupazione fissa da subito;<br \/>Orario di lavoro: a tempo pieno, 5 o 6 giorni alla settimana (non part-time)<\/p>\n<\/div><div class=\"fusion-clearfix\"><\/div><\/div><\/div><\/div><div class=\"fusion-clearfix\"><\/div><\/div><\/div><div class=\"fusion-layout-column fusion_builder_column fusion-builder-column-4 fusion_builder_column_1_1 1_1 fusion-one-full fusion-column-first fusion-column-last\" style=\"--awb-padding-top:5%;--awb-padding-right:5%;--awb-padding-bottom:2%;--awb-padding-left:5%;--awb-bg-color:#e2e0e0;--awb-bg-color-hover:#e2e0e0;--awb-bg-size:cover;--awb-margin-bottom:2%;\"><div class=\"fusion-column-wrapper fusion-column-has-shadow fusion-flex-column-wrapper-legacy\"><div class=\"fusion-builder-row fusion-builder-row-inner fusion-row\"><div class=\"fusion-layout-column fusion_builder_column_inner fusion-builder-nested-column-2 fusion_builder_column_inner_1_2 1_2 fusion-one-half fusion-column-first\" style=\"--awb-bg-size:cover;width:50%;width:calc(50% - ( ( 4% ) * 0.5 ) );margin-right: 4%;\"><div class=\"fusion-column-wrapper fusion-column-has-shadow fusion-flex-column-wrapper-legacy\"><div class=\"fusion-text fusion-text-7\"><h3 style=\"font-size: 36px; text-align: left; color: rgb(230, 40, 54);\">CAMERIERI<\/h3>\n<\/div><div class=\"fusion-clearfix\"><\/div><\/div><\/div><div class=\"fusion-layout-column fusion_builder_column_inner fusion-builder-nested-column-3 fusion_builder_column_inner_1_2 1_2 fusion-one-half fusion-column-last\" style=\"--awb-bg-size:cover;width:50%;width:calc(50% - ( ( 4% ) * 0.5 ) );\"><div class=\"fusion-column-wrapper fusion-column-has-shadow fusion-flex-column-wrapper-legacy\"><div class=\"fusion-text fusion-text-8\"><p>Occupazione fissa da subito;<br \/>\nOrario di lavoro: 3 o 4 giorni alla settimana (non part-time)<\/p>\n<\/div><div class=\"fusion-clearfix\"><\/div><\/div><\/div><\/div><div class=\"fusion-clearfix\"><\/div><\/div><\/div><div class=\"fusion-layout-column fusion_builder_column fusion-builder-column-5 fusion_builder_column_1_1 1_1 fusion-one-full fusion-column-first fusion-column-last\" style=\"--awb-padding-top:5%;--awb-padding-right:5%;--awb-padding-bottom:2%;--awb-padding-left:5%;--awb-bg-color:#e2e0e0;--awb-bg-color-hover:#e2e0e0;--awb-bg-size:cover;--awb-margin-bottom:2%;\"><div class=\"fusion-column-wrapper fusion-column-has-shadow fusion-flex-column-wrapper-legacy\"><div class=\"fusion-builder-row fusion-builder-row-inner fusion-row\"><div class=\"fusion-layout-column fusion_builder_column_inner fusion-builder-nested-column-4 fusion_builder_column_inner_1_2 1_2 fusion-one-half fusion-column-first\" style=\"--awb-bg-size:cover;width:50%;width:calc(50% - ( ( 4% ) * 0.5 ) );margin-right: 4%;\"><div class=\"fusion-column-wrapper fusion-column-has-shadow fusion-flex-column-wrapper-legacy\"><div class=\"fusion-text fusion-text-9\"><h3 style=\"font-size: 36px; text-align: left; color: rgb(230, 40, 54);\">RECEPTIONIST<\/h3>\n<\/div><div class=\"fusion-clearfix\"><\/div><\/div><\/div><div class=\"fusion-layout-column fusion_builder_column_inner fusion-builder-nested-column-5 fusion_builder_column_inner_1_2 1_2 fusion-one-half fusion-column-last\" style=\"--awb-bg-size:cover;width:50%;width:calc(50% - ( ( 4% ) * 0.5 ) );\"><div class=\"fusion-column-wrapper fusion-column-has-shadow fusion-flex-column-wrapper-legacy\"><div class=\"fusion-text fusion-text-10\"><p style=\"text-align: left;\">Occupazione fissa da subito;<br \/>Orario di lavoro: 5 giorni alla settimana<br \/>motivazione e cordialit\u00e0 per passione,<br \/>conoscenza di italiano e inglese<br \/>esperienza lavorativa<br \/>presenza sicura e curata<\/p>\n<\/div><div class=\"fusion-clearfix\"><\/div><\/div><\/div><\/div><div class=\"fusion-clearfix\"><\/div><\/div><\/div><\/div><\/div><div class=\"fusion-fullwidth fullwidth-box fusion-builder-row-3 nonhundred-percent-fullwidth non-hundred-percent-height-scrolling\" style=\"--awb-border-radius-top-left:0px;--awb-border-radius-top-right:0px;--awb-border-radius-bottom-right:0px;--awb-border-radius-bottom-left:0px;--awb-flex-wrap:wrap;\" ><div class=\"fusion-builder-row fusion-row\"><\/div><\/div><\/p>\n","protected":false},"excerpt":{"rendered":"","protected":false},"author":3,"featured_media":0,"parent":0,"menu_order":0,"comment_status":"closed","ping_status":"open","template":"100-width.php","meta":{"footnotes":""},"class_list":["post-2455","page","type-page","status-publish","hentry"],"yoast_head":"<!-- This site is optimized with the Yoast SEO plugin v27.2 - https:\/\/yoast.com\/product\/yoast-seo-wordpress\/ -->\n<title>JOBS - Hotel Cafe Central<\/title>\n<meta name=\"robots\" content=\"index, follow, max-snippet:-1, max-image-preview:large, max-video-preview:-1\" \/>\n<link rel=\"canonical\" href=\"https:\/\/www.hotel-cafe-central.at\/it\/jobs\/\" \/>\n<meta property=\"og:locale\" content=\"it_IT\" \/>\n<meta property=\"og:type\" content=\"article\" \/>\n<meta property=\"og:title\" content=\"JOBS - Hotel Cafe Central\" \/>\n<meta property=\"og:url\" content=\"https:\/\/www.hotel-cafe-central.at\/it\/jobs\/\" \/>\n<meta property=\"og:site_name\" content=\"Hotel Cafe Central\" \/>\n<meta property=\"article:modified_time\" content=\"2025-06-10T10:08:29+00:00\" \/>\n<meta name=\"twitter:card\" content=\"summary_large_image\" \/>\n<meta name=\"twitter:label1\" content=\"Tempo di lettura stimato\" \/>\n\t<meta name=\"twitter:data1\" content=\"12 minuti\" \/>\n<script type=\"application\/ld+json\" class=\"yoast-schema-graph\">{\"@context\":\"https:\/\/schema.org\",\"@graph\":[{\"@type\":\"WebPage\",\"@id\":\"https:\/\/www.hotel-cafe-central.at\/it\/jobs\/\",\"url\":\"https:\/\/www.hotel-cafe-central.at\/it\/jobs\/\",\"name\":\"JOBS - Hotel Cafe Central\",\"isPartOf\":{\"@id\":\"https:\/\/www.hotel-cafe-central.at\/#website\"},\"datePublished\":\"2019-11-18T15:29:21+00:00\",\"dateModified\":\"2025-06-10T10:08:29+00:00\",\"breadcrumb\":{\"@id\":\"https:\/\/www.hotel-cafe-central.at\/it\/jobs\/#breadcrumb\"},\"inLanguage\":\"it-IT\",\"potentialAction\":[{\"@type\":\"ReadAction\",\"target\":[\"https:\/\/www.hotel-cafe-central.at\/it\/jobs\/\"]}]},{\"@type\":\"BreadcrumbList\",\"@id\":\"https:\/\/www.hotel-cafe-central.at\/it\/jobs\/#breadcrumb\",\"itemListElement\":[{\"@type\":\"ListItem\",\"position\":1,\"name\":\"Startseite\",\"item\":\"https:\/\/www.hotel-cafe-central.at\/it\/\"},{\"@type\":\"ListItem\",\"position\":2,\"name\":\"JOBS\"}]},{\"@type\":\"WebSite\",\"@id\":\"https:\/\/www.hotel-cafe-central.at\/#website\",\"url\":\"https:\/\/www.hotel-cafe-central.at\/\",\"name\":\"Hotel Cafe Central\",\"description\":\"4 Sterne Hotel mit Wiener Kaffeehaus im Zentrum von innsbruck\",\"potentialAction\":[{\"@type\":\"SearchAction\",\"target\":{\"@type\":\"EntryPoint\",\"urlTemplate\":\"https:\/\/www.hotel-cafe-central.at\/?s={search_term_string}\"},\"query-input\":{\"@type\":\"PropertyValueSpecification\",\"valueRequired\":true,\"valueName\":\"search_term_string\"}}],\"inLanguage\":\"it-IT\"}]}<\/script>\n<!-- \/ Yoast SEO plugin. -->","yoast_head_json":{"title":"JOBS - Hotel Cafe Central","robots":{"index":"index","follow":"follow","max-snippet":"max-snippet:-1","max-image-preview":"max-image-preview:large","max-video-preview":"max-video-preview:-1"},"canonical":"https:\/\/www.hotel-cafe-central.at\/it\/jobs\/","og_locale":"it_IT","og_type":"article","og_title":"JOBS - Hotel Cafe Central","og_url":"https:\/\/www.hotel-cafe-central.at\/it\/jobs\/","og_site_name":"Hotel Cafe Central","article_modified_time":"2025-06-10T10:08:29+00:00","twitter_card":"summary_large_image","twitter_misc":{"Tempo di lettura stimato":"12 minuti"},"schema":{"@context":"https:\/\/schema.org","@graph":[{"@type":"WebPage","@id":"https:\/\/www.hotel-cafe-central.at\/it\/jobs\/","url":"https:\/\/www.hotel-cafe-central.at\/it\/jobs\/","name":"JOBS - Hotel Cafe Central","isPartOf":{"@id":"https:\/\/www.hotel-cafe-central.at\/#website"},"datePublished":"2019-11-18T15:29:21+00:00","dateModified":"2025-06-10T10:08:29+00:00","breadcrumb":{"@id":"https:\/\/www.hotel-cafe-central.at\/it\/jobs\/#breadcrumb"},"inLanguage":"it-IT","potentialAction":[{"@type":"ReadAction","target":["https:\/\/www.hotel-cafe-central.at\/it\/jobs\/"]}]},{"@type":"BreadcrumbList","@id":"https:\/\/www.hotel-cafe-central.at\/it\/jobs\/#breadcrumb","itemListElement":[{"@type":"ListItem","position":1,"name":"Startseite","item":"https:\/\/www.hotel-cafe-central.at\/it\/"},{"@type":"ListItem","position":2,"name":"JOBS"}]},{"@type":"WebSite","@id":"https:\/\/www.hotel-cafe-central.at\/#website","url":"https:\/\/www.hotel-cafe-central.at\/","name":"Hotel Cafe Central","description":"4 Sterne Hotel mit Wiener Kaffeehaus im Zentrum von innsbruck","potentialAction":[{"@type":"SearchAction","target":{"@type":"EntryPoint","urlTemplate":"https:\/\/www.hotel-cafe-central.at\/?s={search_term_string}"},"query-input":{"@type":"PropertyValueSpecification","valueRequired":true,"valueName":"search_term_string"}}],"inLanguage":"it-IT"}]}},"_links":{"self":[{"href":"https:\/\/www.hotel-cafe-central.at\/it\/wp-json\/wp\/v2\/pages\/2455","targetHints":{"allow":["GET"]}}],"collection":[{"href":"https:\/\/www.hotel-cafe-central.at\/it\/wp-json\/wp\/v2\/pages"}],"about":[{"href":"https:\/\/www.hotel-cafe-central.at\/it\/wp-json\/wp\/v2\/types\/page"}],"author":[{"embeddable":true,"href":"https:\/\/www.hotel-cafe-central.at\/it\/wp-json\/wp\/v2\/users\/3"}],"replies":[{"embeddable":true,"href":"https:\/\/www.hotel-cafe-central.at\/it\/wp-json\/wp\/v2\/comments?post=2455"}],"version-history":[{"count":1,"href":"https:\/\/www.hotel-cafe-central.at\/it\/wp-json\/wp\/v2\/pages\/2455\/revisions"}],"predecessor-version":[{"id":8976,"href":"https:\/\/www.hotel-cafe-central.at\/it\/wp-json\/wp\/v2\/pages\/2455\/revisions\/8976"}],"wp:attachment":[{"href":"https:\/\/www.hotel-cafe-central.at\/it\/wp-json\/wp\/v2\/media?parent=2455"}],"curies":[{"name":"wp","href":"https:\/\/api.w.org\/{rel}","templated":true}]}}